{"id":3364,"date":"2016-12-06T04:34:55","date_gmt":"2016-12-06T09:34:55","guid":{"rendered":"http:\/\/www.exalmar.com.pe\/en\/?page_id=3364"},"modified":"2016-12-06T04:48:49","modified_gmt":"2016-12-06T09:48:49","slug":"privacy-policy","status":"publish","type":"page","link":"https:\/\/www.exalmar.com.pe\/en\/privacy-policy\/","title":{"rendered":"Privacy Policy"},"content":{"rendered":"<h3>EXALMAR EST\u00c1 COMPROMETIDA CON LA SEGURIDAD DE TU INFORMACI\u00d3N:<\/h3>\n<p>Para Exalmar, la privacidad de la informaci\u00f3n personal y el cumplimiento de la Ley N\u00b0 29733, Ley de Protecci\u00f3n de Datos Personales son importantes. Esta \u00faltima establece que para efectuar el tratamiento de los datos de una persona natural es necesario contar con su consentimiento previo, informado, expreso e inequ\u00edvoco, as\u00ed como prev\u00e9 un conjunto de medidas de seguridad implementadas por Exalmar para garantizar la confidencialidad y buen uso de estos datos. <\/p>\n<p>En ese sentido, mediante la aceptaci\u00f3n digital y trazable de la presente Pol\u00edtica de Privacidad, ya sea mediante clic, toque, pinchado, \u201ctouch\u201d, \u201cpad\u201d u otros mecanismos similares, las personas que se pongan en contacto con nosotros remiti\u00e9ndonos sus datos personales a trav\u00e9s de cualquiera de las pesta\u00f1as de nuestra p\u00e1gina web, consienten expresa y libremente el tratamiento de \u00e9stos en los bancos de datos personales de titularidad de Exalmar, domiciliada en Av. V\u00edctor Andr\u00e9s Bela\u00fande N\u00b0 214, Oficina 201, San Isidro, Lima, Per\u00fa, para las finalidades y usos descritos m\u00e1s adelante, as\u00ed como autorizan su transferencia en los t\u00e9rminos abajo descritos, con el compromiso de que, cuando sea necesaria, \u00e9sta se realizar\u00e1 bajo condiciones de confidencialidad y seguridad. Esta autorizaci\u00f3n es por tiempo indefinido o hasta que usted decida revocar dicha autorizaci\u00f3n.<\/p>\n<h3>AUTORIZACI\u00d3N PARA EL USO DE TUS DATOS PERSONALES:<\/h3>\n<p>Usted autoriza a Exalmar para que realice el tratamiento de todos los datos personales que sean suministrados o se generen mediante la interacci\u00f3n con cualquiera de las pesta\u00f1as que recaba datos en nuestra p\u00e1gina web (tales como Cont\u00e1ctenos, Ventas CHD, Ventas CHI, Relaci\u00f3n con Inversionistas, L\u00ednea \u00c9tica) u otras que pudi\u00e9ramos habilitar.<\/p>\n<h3>TRATAMIENTO DE DATOS PERSONALES DE LOS VISITANTES DE NUESTRA P\u00c1GINA WEB:<\/h3>\n<p>En caso usted acceda a la p\u00e1gina web de Exalmar y nos remita datos personales, estos ser\u00e1n tratados para las siguientes finalidades: i) recepci\u00f3n de opiniones y\/o comentarios de nuestros productos y\/o servicios; ii) gesti\u00f3n y atenci\u00f3n de consultas y\/o reclamos; iii) prospecci\u00f3n comercial con proveedores, clientes, inversionistas, armadores, etc.; iv) requerimientos de cotizaciones varias; v) atenci\u00f3n de denuncias ante nuestro Comit\u00e9 de \u00c9tica; y, en general, para cumplir con cualquier finalidad conexa a su relaci\u00f3n con Exalmar. Esta autorizaci\u00f3n para el tratamiento de sus datos personales es obligatoria en caso desee la ejecuci\u00f3n de estas finalidades, y en caso de negativa, ellas no se podr\u00e1n realizar, salvo las que resulten necesarias para la ejecuci\u00f3n de una relaci\u00f3n contractual o las que resulten obligatorias por ley.<\/p>\n<h3>CONFIDENCIALIDAD Y MEDIDAS DE SEGURIDAD ADOPTADAS:<\/h3>\n<p>Su informaci\u00f3n personal ser\u00e1 tratada de manera confidencial, teniendo en cuenta siempre las garant\u00edas y medidas de seguridad: f\u00edsicas organizaciones, legales y t\u00e9cnicas que reconoce la Ley N\u00b0 29733, Ley de Protecci\u00f3n de Datos Personales, y su Reglamento, Decreto Supremo N\u00b0 003-2013-JUS, con la finalidad de evitar la p\u00e9rdida, mal uso, alteraci\u00f3n, acceso no autorizado o robo de datos personales. <\/p>\n<h3>INFORMACI\u00d3N PERSONAL QUE COMPARTIMOS<\/h3>\n<p>Excepcionalmente, para efectos de llevar a cabo las finalidades y actividades autorizadas y detalladas arriba de una manera m\u00e1s efectiva, y siempre dentro de los l\u00edmites trazados por \u00e9stas, usted nos autoriza a compartir sus datos personales con nuestras empresas afiliadas, socios comerciales, empresas proveedoras de servicios, terceros a quienes encarguemos la prestaci\u00f3n de ciertos servicios y otros, los cuales pueden estar dentro o fuera del pa\u00eds. La transferencia de datos personales estar\u00e1 sujeta a su protecci\u00f3n y a la implementaci\u00f3n de medidas organizacionales, legales y t\u00e9cnicas para evitar cualquier manipulaci\u00f3n indebida, p\u00e9rdida accidental, destrucci\u00f3n o acceso no autorizado por parte de terceros no autorizados.<\/p>\n<p>Asimismo, le informamos que la compartici\u00f3n de informaci\u00f3n puede realizarse con el fin de cumplir con las normas legales aplicables, responder a requerimientos y consultas de entidades p\u00fablicas, atender casos extraordinarios o de emergencia, entre otros.<\/p>\n<h3>TUS DERECHOS:<\/h3>\n<p>Para ejercer cualquiera de los derechos reconocidos en la Ley de Protecci\u00f3n de Datos Personales o informarse sobre el manejo de su informaci\u00f3n personal, usted puede comunicarse de manera gratuita al correo <a href=\"mailto:derechosarco@exalmar.com.pe\">derechosarco@exalmar.com.pe<\/a><\/p>\n<h3>MODIFICACIONES A ESTA POL\u00cdTICA DE PRIVACIDAD:<\/h3>\n<p>Mediante la aceptaci\u00f3n de la presente Pol\u00edtica de Privacidad, usted consiente que, con motivo de la mejora de nuestros servicios, Exalmar puede realizarle modificaciones y correcciones cada cierto tiempo. En ese sentido, le solicitamos verificar estos t\u00e9rminos de manera regular para consultar los cambios que puedan haber existido y de qu\u00e9 manera le pueden afectar. Cualquier cambio al presente documento entrar\u00e1 en vigencia al momento de su publicaci\u00f3n en la p\u00e1gina web.<\/p>\n","protected":false},"excerpt":{"rendered":"<p>EXALMAR EST\u00c1 COMPROMETIDA CON LA SEGURIDAD DE TU INFORMACI\u00d3N: Para Exalmar, la privacidad de la informaci\u00f3n personal y el cumplimiento de la Ley N\u00b0 29733, Ley de Protecci\u00f3n de Datos Personales son importantes. Esta \u00faltima establece que para efectuar el tratamiento de los datos de una persona natural es necesario contar con su consentimiento previo, &hellip; <a href=\"https:\/\/www.exalmar.com.pe\/en\/privacy-policy\/\" class=\"more-link\">Continue reading<span class=\"screen-reader-text\"> &#8220;Privacy Policy&#8221;<\/span><\/a><\/p>\n","protected":false},"author":2,"featured_media":2262,"parent":0,"menu_order":0,"comment_status":"closed","ping_status":"closed","template":"page-templates\/default.php","meta":{"_monsterinsights_skip_tracking":false,"_monsterinsights_sitenote_active":false,"_monsterinsights_sitenote_note":"","_monsterinsights_sitenote_category":0,"footnotes":""},"class_list":["post-3364","page","type-page","status-publish","has-post-thumbnail","hentry"],"yoast_head":"<!-- This site is optimized with the Yoast SEO plugin v20.8 - https:\/\/yoast.com\/wordpress\/plugins\/seo\/ -->\n<title>Privacy Policy<\/title>\n<meta name=\"robots\" content=\"index, follow, max-snippet:-1, max-image-preview:large, max-video-preview:-1\" \/>\n<link rel=\"canonical\" href=\"https:\/\/www.exalmar.com.pe\/en\/privacy-policy\/\" \/>\n<meta property=\"og:locale\" content=\"en_US\" \/>\n<meta property=\"og:type\" content=\"article\" \/>\n<meta property=\"og:title\" content=\"Privacy Policy\" \/>\n<meta property=\"og:description\" content=\"EXALMAR EST\u00c1 COMPROMETIDA CON LA SEGURIDAD DE TU INFORMACI\u00d3N: Para Exalmar, la privacidad de la informaci\u00f3n personal y el cumplimiento de la Ley N\u00b0 29733, Ley de Protecci\u00f3n de Datos Personales son importantes. Esta \u00faltima establece que para efectuar el tratamiento de los datos de una persona natural es necesario contar con su consentimiento previo, &hellip; Continue reading &quot;Privacy Policy&quot;\" \/>\n<meta property=\"og:url\" content=\"https:\/\/www.exalmar.com.pe\/en\/privacy-policy\/\" \/>\n<meta property=\"og:site_name\" content=\"Exalmar\" \/>\n<meta property=\"article:publisher\" content=\"https:\/\/www.facebook.com\/pesqueraexalmarsaa\/\" \/>\n<meta property=\"article:modified_time\" content=\"2016-12-06T09:48:49+00:00\" \/>\n<meta property=\"og:image\" content=\"https:\/\/www.exalmar.com.pe\/wp-content\/uploads\/2016\/07\/under-construction.jpg\" \/>\n\t<meta property=\"og:image:width\" content=\"3040\" \/>\n\t<meta property=\"og:image:height\" content=\"1136\" \/>\n\t<meta property=\"og:image:type\" content=\"image\/jpeg\" \/>\n<meta name=\"twitter:card\" content=\"summary_large_image\" \/>\n<meta name=\"twitter:label1\" content=\"Est. reading time\" \/>\n\t<meta name=\"twitter:data1\" content=\"4 minutes\" \/>\n<script type=\"application\/ld+json\" class=\"yoast-schema-graph\">{\"@context\":\"https:\/\/schema.org\",\"@graph\":[{\"@type\":\"WebPage\",\"@id\":\"https:\/\/www.exalmar.com.pe\/en\/privacy-policy\/\",\"url\":\"https:\/\/www.exalmar.com.pe\/en\/privacy-policy\/\",\"name\":\"Privacy Policy\",\"isPartOf\":{\"@id\":\"https:\/\/www.exalmar.com.pe\/#website\"},\"datePublished\":\"2016-12-06T09:34:55+00:00\",\"dateModified\":\"2016-12-06T09:48:49+00:00\",\"breadcrumb\":{\"@id\":\"https:\/\/www.exalmar.com.pe\/en\/privacy-policy\/#breadcrumb\"},\"inLanguage\":\"en-US\",\"potentialAction\":[{\"@type\":\"ReadAction\",\"target\":[\"https:\/\/www.exalmar.com.pe\/en\/privacy-policy\/\"]}]},{\"@type\":\"BreadcrumbList\",\"@id\":\"https:\/\/www.exalmar.com.pe\/en\/privacy-policy\/#breadcrumb\",\"itemListElement\":[{\"@type\":\"ListItem\",\"position\":1,\"name\":\"Home\",\"item\":\"https:\/\/www.exalmar.com.pe\/en\/\"},{\"@type\":\"ListItem\",\"position\":2,\"name\":\"Privacy Policy\"}]},{\"@type\":\"WebSite\",\"@id\":\"https:\/\/www.exalmar.com.pe\/#website\",\"url\":\"https:\/\/www.exalmar.com.pe\/\",\"name\":\"Exalmar\",\"description\":\"Just another WordPress site\",\"publisher\":{\"@id\":\"https:\/\/www.exalmar.com.pe\/#organization\"},\"potentialAction\":[{\"@type\":\"SearchAction\",\"target\":{\"@type\":\"EntryPoint\",\"urlTemplate\":\"https:\/\/www.exalmar.com.pe\/?s={search_term_string}\"},\"query-input\":\"required name=search_term_string\"}],\"inLanguage\":\"en-US\"},{\"@type\":\"Organization\",\"@id\":\"https:\/\/www.exalmar.com.pe\/#organization\",\"name\":\"Exalmar\",\"url\":\"https:\/\/www.exalmar.com.pe\/\",\"logo\":{\"@type\":\"ImageObject\",\"inLanguage\":\"en-US\",\"@id\":\"https:\/\/www.exalmar.com.pe\/#\/schema\/logo\/image\/\",\"url\":\"https:\/\/www.exalmar.com.pe\/wp-content\/uploads\/2023\/03\/logo.png\",\"contentUrl\":\"https:\/\/www.exalmar.com.pe\/wp-content\/uploads\/2023\/03\/logo.png\",\"width\":261,\"height\":84,\"caption\":\"Exalmar\"},\"image\":{\"@id\":\"https:\/\/www.exalmar.com.pe\/#\/schema\/logo\/image\/\"},\"sameAs\":[\"https:\/\/www.facebook.com\/pesqueraexalmarsaa\/\"]}]}<\/script>\n<!-- \/ Yoast SEO plugin. -->","yoast_head_json":{"title":"Privacy Policy","robots":{"index":"index","follow":"follow","max-snippet":"max-snippet:-1","max-image-preview":"max-image-preview:large","max-video-preview":"max-video-preview:-1"},"canonical":"https:\/\/www.exalmar.com.pe\/en\/privacy-policy\/","og_locale":"en_US","og_type":"article","og_title":"Privacy Policy","og_description":"EXALMAR EST\u00c1 COMPROMETIDA CON LA SEGURIDAD DE TU INFORMACI\u00d3N: Para Exalmar, la privacidad de la informaci\u00f3n personal y el cumplimiento de la Ley N\u00b0 29733, Ley de Protecci\u00f3n de Datos Personales son importantes. Esta \u00faltima establece que para efectuar el tratamiento de los datos de una persona natural es necesario contar con su consentimiento previo, &hellip; Continue reading \"Privacy Policy\"","og_url":"https:\/\/www.exalmar.com.pe\/en\/privacy-policy\/","og_site_name":"Exalmar","article_publisher":"https:\/\/www.facebook.com\/pesqueraexalmarsaa\/","article_modified_time":"2016-12-06T09:48:49+00:00","og_image":[{"width":3040,"height":1136,"url":"https:\/\/www.exalmar.com.pe\/wp-content\/uploads\/2016\/07\/under-construction.jpg","type":"image\/jpeg"}],"twitter_card":"summary_large_image","twitter_misc":{"Est. reading time":"4 minutes"},"schema":{"@context":"https:\/\/schema.org","@graph":[{"@type":"WebPage","@id":"https:\/\/www.exalmar.com.pe\/en\/privacy-policy\/","url":"https:\/\/www.exalmar.com.pe\/en\/privacy-policy\/","name":"Privacy Policy","isPartOf":{"@id":"https:\/\/www.exalmar.com.pe\/#website"},"datePublished":"2016-12-06T09:34:55+00:00","dateModified":"2016-12-06T09:48:49+00:00","breadcrumb":{"@id":"https:\/\/www.exalmar.com.pe\/en\/privacy-policy\/#breadcrumb"},"inLanguage":"en-US","potentialAction":[{"@type":"ReadAction","target":["https:\/\/www.exalmar.com.pe\/en\/privacy-policy\/"]}]},{"@type":"BreadcrumbList","@id":"https:\/\/www.exalmar.com.pe\/en\/privacy-policy\/#breadcrumb","itemListElement":[{"@type":"ListItem","position":1,"name":"Home","item":"https:\/\/www.exalmar.com.pe\/en\/"},{"@type":"ListItem","position":2,"name":"Privacy Policy"}]},{"@type":"WebSite","@id":"https:\/\/www.exalmar.com.pe\/#website","url":"https:\/\/www.exalmar.com.pe\/","name":"Exalmar","description":"Just another WordPress site","publisher":{"@id":"https:\/\/www.exalmar.com.pe\/#organization"},"potentialAction":[{"@type":"SearchAction","target":{"@type":"EntryPoint","urlTemplate":"https:\/\/www.exalmar.com.pe\/?s={search_term_string}"},"query-input":"required name=search_term_string"}],"inLanguage":"en-US"},{"@type":"Organization","@id":"https:\/\/www.exalmar.com.pe\/#organization","name":"Exalmar","url":"https:\/\/www.exalmar.com.pe\/","logo":{"@type":"ImageObject","inLanguage":"en-US","@id":"https:\/\/www.exalmar.com.pe\/#\/schema\/logo\/image\/","url":"https:\/\/www.exalmar.com.pe\/wp-content\/uploads\/2023\/03\/logo.png","contentUrl":"https:\/\/www.exalmar.com.pe\/wp-content\/uploads\/2023\/03\/logo.png","width":261,"height":84,"caption":"Exalmar"},"image":{"@id":"https:\/\/www.exalmar.com.pe\/#\/schema\/logo\/image\/"},"sameAs":["https:\/\/www.facebook.com\/pesqueraexalmarsaa\/"]}]}},"_links":{"self":[{"href":"https:\/\/www.exalmar.com.pe\/en\/wp-json\/wp\/v2\/pages\/3364","targetHints":{"allow":["GET"]}}],"collection":[{"href":"https:\/\/www.exalmar.com.pe\/en\/wp-json\/wp\/v2\/pages"}],"about":[{"href":"https:\/\/www.exalmar.com.pe\/en\/wp-json\/wp\/v2\/types\/page"}],"author":[{"embeddable":true,"href":"https:\/\/www.exalmar.com.pe\/en\/wp-json\/wp\/v2\/users\/2"}],"replies":[{"embeddable":true,"href":"https:\/\/www.exalmar.com.pe\/en\/wp-json\/wp\/v2\/comments?post=3364"}],"version-history":[{"count":1,"href":"https:\/\/www.exalmar.com.pe\/en\/wp-json\/wp\/v2\/pages\/3364\/revisions"}],"predecessor-version":[{"id":3365,"href":"https:\/\/www.exalmar.com.pe\/en\/wp-json\/wp\/v2\/pages\/3364\/revisions\/3365"}],"wp:featuredmedia":[{"embeddable":true,"href":"https:\/\/www.exalmar.com.pe\/en\/wp-json\/wp\/v2\/media\/2262"}],"wp:attachment":[{"href":"https:\/\/www.exalmar.com.pe\/en\/wp-json\/wp\/v2\/media?parent=3364"}],"curies":[{"name":"wp","href":"https:\/\/api.w.org\/{rel}","templated":true}]}}