{"id":5071,"date":"2022-03-15T08:10:41","date_gmt":"2022-03-15T13:10:41","guid":{"rendered":"https:\/\/www.exalmar.com.pe\/?page_id=5071"},"modified":"2022-03-15T08:18:08","modified_gmt":"2022-03-15T13:18:08","slug":"consent-and-purpose-clause-investors","status":"publish","type":"page","link":"https:\/\/www.exalmar.com.pe\/en\/consent-and-purpose-clause-investors\/","title":{"rendered":"Consent and Purpose Clause (Investors)"},"content":{"rendered":"<h3>Consent and Purpose Clause<\/h3>\n<p>Declaro haber sido informado, conforme a Ley N\u00b0 29733 &#8211; Ley de Protecci\u00f3n de Datos Personales (\u201cla Ley\u201d) y al Decreto Supremo 003-2013\/JUS &#8211; Reglamento de la Ley (\u201cel Reglamento)\u201d, de lo siguiente:<\/p>\n<p>Los datos personales entregados a\u00a0<strong>PESQUERA EXALMAR S.A.A.<\/strong> (en adelante la Compa\u00f1\u00eda) ser\u00e1n almacenados mientras dure mi relaci\u00f3n contractual, comercial y\/o de cualquier \u00edndole con la Compa\u00f1\u00eda y hasta por 10 a\u00f1os de culminada la misma en el banco de datos de su titularidad, con RUC 20380336384 y con domicilio en Av. V\u00edctor Andr\u00e9s Belaunde 214, San Isidro, Lima, estando adem\u00e1s inscritos en el Registro Nacional de Protecci\u00f3n de Datos Personales con la denominaci\u00f3n \u201cInversionistas\u201d con c\u00f3digo RNPDP-PJP N.\u00b0 11060.<\/p>\n<p>Los datos personales recolectados por la Compa\u00f1\u00eda, podr\u00e1n ser tratados con la finalidad de gestionar los datos personales de inversionistas y potenciales inversionistas para el env\u00edo de informaci\u00f3n sobre el desarrollo de la Compa\u00f1\u00eda. Asimismo, autorizo para los fines se\u00f1alados en el presente documento, que la Compa\u00f1\u00eda pueda realizar tratamiento por encargo a terceros de sus datos personales, pudiendo transferirlos a nivel nacional a organizaciones o personas directamente relacionadas para cumplir los fines autorizados. Los destinatarios est\u00e1n sujetos a las mismas obligaciones y medidas de seguridad, t\u00e9cnicas y legales descritas en la Ley No. 29733 y su reglamento.<\/p>\n<p>Como titular de informaci\u00f3n y de todos los datos que se recaben, reconozco que tengo derecho a solicitar a acceso a mis datos personales y conocer su tratamiento, as\u00ed como, solicitar su actualizaci\u00f3n, inclusi\u00f3n, rectificaci\u00f3n, cancelaci\u00f3n y supresi\u00f3n, pudiendo oponerme a su uso o divulgaci\u00f3n, pudiendo dirigir mi solicitud de ejercicio de los derechos al correo electr\u00f3nico derechosarco@exalmar.com.pe, a la direcci\u00f3n: Av. Victor Andr\u00e9s Bela\u00fande 214, Piso 6, San Isidro o al tel\u00e9fono 998263953, teniendo a salvo adem\u00e1s el ejercicio de la tutela de sus derechos ante la Autoridad Nacional de Protecci\u00f3n de Datos Personales en v\u00eda de reclamaci\u00f3n o ante el Poder Judicial mediante la acci\u00f3n de h\u00e1beas data.<\/p>\n<p>Los datos personales recolectados por la Compa\u00f1\u00eda son obligatorios, la negativa a suministrarlos supondr\u00e1 la imposibilidad de concretar el fin previsto.<\/p>\n","protected":false},"excerpt":{"rendered":"<p>Consent and Purpose Clause Declaro haber sido informado, conforme a Ley N\u00b0 29733 &#8211; Ley de Protecci\u00f3n de Datos Personales (\u201cla Ley\u201d) y al Decreto Supremo 003-2013\/JUS &#8211; Reglamento de la Ley (\u201cel Reglamento)\u201d, de lo siguiente: Los datos personales entregados a\u00a0PESQUERA EXALMAR S.A.A. (en adelante la Compa\u00f1\u00eda) ser\u00e1n almacenados mientras dure mi relaci\u00f3n contractual, &hellip; <a href=\"https:\/\/www.exalmar.com.pe\/en\/consent-and-purpose-clause-investors\/\" class=\"more-link\">Continue reading<span class=\"screen-reader-text\"> &#8220;Consent and Purpose Clause (Investors)&#8221;<\/span><\/a><\/p>\n","protected":false},"author":2,"featured_media":0,"parent":0,"menu_order":0,"comment_status":"closed","ping_status":"closed","template":"page-templates\/default.php","meta":{"_monsterinsights_skip_tracking":false,"_monsterinsights_sitenote_active":false,"_monsterinsights_sitenote_note":"","_monsterinsights_sitenote_category":0,"footnotes":""},"class_list":["post-5071","page","type-page","status-publish","hentry"],"yoast_head":"<!-- This site is optimized with the Yoast SEO plugin v20.8 - https:\/\/yoast.com\/wordpress\/plugins\/seo\/ -->\n<title>Consent and Purpose Clause (Investors)<\/title>\n<meta name=\"robots\" content=\"index, follow, max-snippet:-1, max-image-preview:large, max-video-preview:-1\" \/>\n<link rel=\"canonical\" href=\"https:\/\/www.exalmar.com.pe\/en\/consent-and-purpose-clause-investors\/\" \/>\n<meta property=\"og:locale\" content=\"en_US\" \/>\n<meta property=\"og:type\" content=\"article\" \/>\n<meta property=\"og:title\" content=\"Consent and Purpose Clause (Investors)\" \/>\n<meta property=\"og:description\" content=\"Consent and Purpose Clause Declaro haber sido informado, conforme a Ley N\u00b0 29733 &#8211; Ley de Protecci\u00f3n de Datos Personales (\u201cla Ley\u201d) y al Decreto Supremo 003-2013\/JUS &#8211; Reglamento de la Ley (\u201cel Reglamento)\u201d, de lo siguiente: Los datos personales entregados a\u00a0PESQUERA EXALMAR S.A.A. (en adelante la Compa\u00f1\u00eda) ser\u00e1n almacenados mientras dure mi relaci\u00f3n contractual, &hellip; Continue reading &quot;Consent and Purpose Clause (Investors)&quot;\" \/>\n<meta property=\"og:url\" content=\"https:\/\/www.exalmar.com.pe\/en\/consent-and-purpose-clause-investors\/\" \/>\n<meta property=\"og:site_name\" content=\"Exalmar\" \/>\n<meta property=\"article:publisher\" content=\"https:\/\/www.facebook.com\/pesqueraexalmarsaa\/\" \/>\n<meta property=\"article:modified_time\" content=\"2022-03-15T13:18:08+00:00\" \/>\n<meta name=\"twitter:card\" content=\"summary_large_image\" \/>\n<meta name=\"twitter:label1\" content=\"Est. reading time\" \/>\n\t<meta name=\"twitter:data1\" content=\"2 minutes\" \/>\n<script type=\"application\/ld+json\" class=\"yoast-schema-graph\">{\"@context\":\"https:\/\/schema.org\",\"@graph\":[{\"@type\":\"WebPage\",\"@id\":\"https:\/\/www.exalmar.com.pe\/en\/consent-and-purpose-clause-investors\/\",\"url\":\"https:\/\/www.exalmar.com.pe\/en\/consent-and-purpose-clause-investors\/\",\"name\":\"Consent and Purpose Clause (Investors)\",\"isPartOf\":{\"@id\":\"https:\/\/www.exalmar.com.pe\/#website\"},\"datePublished\":\"2022-03-15T13:10:41+00:00\",\"dateModified\":\"2022-03-15T13:18:08+00:00\",\"breadcrumb\":{\"@id\":\"https:\/\/www.exalmar.com.pe\/en\/consent-and-purpose-clause-investors\/#breadcrumb\"},\"inLanguage\":\"en-US\",\"potentialAction\":[{\"@type\":\"ReadAction\",\"target\":[\"https:\/\/www.exalmar.com.pe\/en\/consent-and-purpose-clause-investors\/\"]}]},{\"@type\":\"BreadcrumbList\",\"@id\":\"https:\/\/www.exalmar.com.pe\/en\/consent-and-purpose-clause-investors\/#breadcrumb\",\"itemListElement\":[{\"@type\":\"ListItem\",\"position\":1,\"name\":\"Home\",\"item\":\"https:\/\/www.exalmar.com.pe\/en\/\"},{\"@type\":\"ListItem\",\"position\":2,\"name\":\"Consent and Purpose Clause (Investors)\"}]},{\"@type\":\"WebSite\",\"@id\":\"https:\/\/www.exalmar.com.pe\/#website\",\"url\":\"https:\/\/www.exalmar.com.pe\/\",\"name\":\"Exalmar\",\"description\":\"Just another WordPress site\",\"publisher\":{\"@id\":\"https:\/\/www.exalmar.com.pe\/#organization\"},\"potentialAction\":[{\"@type\":\"SearchAction\",\"target\":{\"@type\":\"EntryPoint\",\"urlTemplate\":\"https:\/\/www.exalmar.com.pe\/?s={search_term_string}\"},\"query-input\":\"required name=search_term_string\"}],\"inLanguage\":\"en-US\"},{\"@type\":\"Organization\",\"@id\":\"https:\/\/www.exalmar.com.pe\/#organization\",\"name\":\"Exalmar\",\"url\":\"https:\/\/www.exalmar.com.pe\/\",\"logo\":{\"@type\":\"ImageObject\",\"inLanguage\":\"en-US\",\"@id\":\"https:\/\/www.exalmar.com.pe\/#\/schema\/logo\/image\/\",\"url\":\"https:\/\/www.exalmar.com.pe\/wp-content\/uploads\/2023\/03\/logo.png\",\"contentUrl\":\"https:\/\/www.exalmar.com.pe\/wp-content\/uploads\/2023\/03\/logo.png\",\"width\":261,\"height\":84,\"caption\":\"Exalmar\"},\"image\":{\"@id\":\"https:\/\/www.exalmar.com.pe\/#\/schema\/logo\/image\/\"},\"sameAs\":[\"https:\/\/www.facebook.com\/pesqueraexalmarsaa\/\"]}]}<\/script>\n<!-- \/ Yoast SEO plugin. -->","yoast_head_json":{"title":"Consent and Purpose Clause (Investors)","robots":{"index":"index","follow":"follow","max-snippet":"max-snippet:-1","max-image-preview":"max-image-preview:large","max-video-preview":"max-video-preview:-1"},"canonical":"https:\/\/www.exalmar.com.pe\/en\/consent-and-purpose-clause-investors\/","og_locale":"en_US","og_type":"article","og_title":"Consent and Purpose Clause (Investors)","og_description":"Consent and Purpose Clause Declaro haber sido informado, conforme a Ley N\u00b0 29733 &#8211; Ley de Protecci\u00f3n de Datos Personales (\u201cla Ley\u201d) y al Decreto Supremo 003-2013\/JUS &#8211; Reglamento de la Ley (\u201cel Reglamento)\u201d, de lo siguiente: Los datos personales entregados a\u00a0PESQUERA EXALMAR S.A.A. (en adelante la Compa\u00f1\u00eda) ser\u00e1n almacenados mientras dure mi relaci\u00f3n contractual, &hellip; Continue reading \"Consent and Purpose Clause (Investors)\"","og_url":"https:\/\/www.exalmar.com.pe\/en\/consent-and-purpose-clause-investors\/","og_site_name":"Exalmar","article_publisher":"https:\/\/www.facebook.com\/pesqueraexalmarsaa\/","article_modified_time":"2022-03-15T13:18:08+00:00","twitter_card":"summary_large_image","twitter_misc":{"Est. reading time":"2 minutes"},"schema":{"@context":"https:\/\/schema.org","@graph":[{"@type":"WebPage","@id":"https:\/\/www.exalmar.com.pe\/en\/consent-and-purpose-clause-investors\/","url":"https:\/\/www.exalmar.com.pe\/en\/consent-and-purpose-clause-investors\/","name":"Consent and Purpose Clause (Investors)","isPartOf":{"@id":"https:\/\/www.exalmar.com.pe\/#website"},"datePublished":"2022-03-15T13:10:41+00:00","dateModified":"2022-03-15T13:18:08+00:00","breadcrumb":{"@id":"https:\/\/www.exalmar.com.pe\/en\/consent-and-purpose-clause-investors\/#breadcrumb"},"inLanguage":"en-US","potentialAction":[{"@type":"ReadAction","target":["https:\/\/www.exalmar.com.pe\/en\/consent-and-purpose-clause-investors\/"]}]},{"@type":"BreadcrumbList","@id":"https:\/\/www.exalmar.com.pe\/en\/consent-and-purpose-clause-investors\/#breadcrumb","itemListElement":[{"@type":"ListItem","position":1,"name":"Home","item":"https:\/\/www.exalmar.com.pe\/en\/"},{"@type":"ListItem","position":2,"name":"Consent and Purpose Clause (Investors)"}]},{"@type":"WebSite","@id":"https:\/\/www.exalmar.com.pe\/#website","url":"https:\/\/www.exalmar.com.pe\/","name":"Exalmar","description":"Just another WordPress site","publisher":{"@id":"https:\/\/www.exalmar.com.pe\/#organization"},"potentialAction":[{"@type":"SearchAction","target":{"@type":"EntryPoint","urlTemplate":"https:\/\/www.exalmar.com.pe\/?s={search_term_string}"},"query-input":"required name=search_term_string"}],"inLanguage":"en-US"},{"@type":"Organization","@id":"https:\/\/www.exalmar.com.pe\/#organization","name":"Exalmar","url":"https:\/\/www.exalmar.com.pe\/","logo":{"@type":"ImageObject","inLanguage":"en-US","@id":"https:\/\/www.exalmar.com.pe\/#\/schema\/logo\/image\/","url":"https:\/\/www.exalmar.com.pe\/wp-content\/uploads\/2023\/03\/logo.png","contentUrl":"https:\/\/www.exalmar.com.pe\/wp-content\/uploads\/2023\/03\/logo.png","width":261,"height":84,"caption":"Exalmar"},"image":{"@id":"https:\/\/www.exalmar.com.pe\/#\/schema\/logo\/image\/"},"sameAs":["https:\/\/www.facebook.com\/pesqueraexalmarsaa\/"]}]}},"_links":{"self":[{"href":"https:\/\/www.exalmar.com.pe\/en\/wp-json\/wp\/v2\/pages\/5071","targetHints":{"allow":["GET"]}}],"collection":[{"href":"https:\/\/www.exalmar.com.pe\/en\/wp-json\/wp\/v2\/pages"}],"about":[{"href":"https:\/\/www.exalmar.com.pe\/en\/wp-json\/wp\/v2\/types\/page"}],"author":[{"embeddable":true,"href":"https:\/\/www.exalmar.com.pe\/en\/wp-json\/wp\/v2\/users\/2"}],"replies":[{"embeddable":true,"href":"https:\/\/www.exalmar.com.pe\/en\/wp-json\/wp\/v2\/comments?post=5071"}],"version-history":[{"count":3,"href":"https:\/\/www.exalmar.com.pe\/en\/wp-json\/wp\/v2\/pages\/5071\/revisions"}],"predecessor-version":[{"id":5075,"href":"https:\/\/www.exalmar.com.pe\/en\/wp-json\/wp\/v2\/pages\/5071\/revisions\/5075"}],"wp:attachment":[{"href":"https:\/\/www.exalmar.com.pe\/en\/wp-json\/wp\/v2\/media?parent=5071"}],"curies":[{"name":"wp","href":"https:\/\/api.w.org\/{rel}","templated":true}]}}